{"id":1642,"date":"2025-07-14T13:08:51","date_gmt":"2025-07-14T18:08:51","guid":{"rendered":"https:\/\/www.loyaltyins.com\/?page_id=1642"},"modified":"2025-07-15T11:53:41","modified_gmt":"2025-07-15T16:53:41","slug":"unete-al-equipo","status":"publish","type":"page","link":"https:\/\/www.loyaltyins.com\/es\/unete-al-equipo\/","title":{"rendered":"\u00danete al equipo"},"content":{"rendered":"<p style=\"font-weight: 400;\"><strong>\u00a1Convi\u00e9rtete en parte de nuestro equipo!<\/strong><strong>\u00a0<\/strong><\/p>\n<p style=\"font-weight: 400;\"><strong>\u00danete a Nuestra Red de Asesores de Confianza.<\/strong><\/p>\n<p style=\"font-weight: 400;\"><strong>Impulsa tu Carrera. Expande tu Negocio. Deja Huella.<\/strong><\/p>\n<p style=\"font-weight: 400;\">En Loyalty Insurance Marketing Group estamos construyendo una red nacional de profesionales apasionados por ayudar\u2014y listos para crecer. Nos especializamos en seguros de vida, Medicare y planificaci\u00f3n para el retiro.<\/p>\n<div><\/div>\n<p style=\"font-weight: 400;\">Ya seas un agente independiente o tengas tu propia agencia, ofrecemos las herramientas, el apoyo y las alianzas que necesitas para prosperar en el mercado actual.<\/p>\n<p style=\"font-weight: 400;\"><strong>\u00a0<\/strong><\/p>\n<p style=\"font-weight: 400;\"><strong>\u00bfPor qu\u00e9 asociarte con nosotros?<\/strong><\/p>\n<div><\/div>\n<div class=\"elementToProof\">\u2705\u00a0<b>Acceso a Compa\u00f1\u00edas de Primer Nivel<\/b><br clear=\"none\" \/>Trabaja con las marcas m\u00e1s confiables de la industria, ofreciendo productos competitivos que tus clientes quieren y necesitan.<\/div>\n<div><\/div>\n<div class=\"elementToProof\">\u2705\u00a0<b>Apoyo Inigualable<\/b><br clear=\"none\" \/>Desde la integraci\u00f3n inicial hasta capacitaciones continuas, mercadeo y soporte administrativo, estamos contigo en cada paso del camino.<\/div>\n<div><\/div>\n<div class=\"elementToProof\">\u2705\u00a0<b>Comisiones Competitivas<\/b><br clear=\"none\" \/>Disfruta de estructuras de compensaci\u00f3n l\u00edderes en la industria, con pagos transparentes y puntuales.<\/div>\n<div><\/div>\n<div class=\"elementToProof\">\u2705\u00a0<b>Programas de Marketing y Prospectos<\/b><br clear=\"none\" \/>Impulsa tu alcance con estrategias probadas de marketing y herramientas de generaci\u00f3n de clientes que hacen crecer tu cartera.<\/div>\n<div><\/div>\n<div class=\"elementToProof\">\u2705\u00a0<b>Libertad y Flexibilidad<\/b><br clear=\"none\" \/>Conserva tu independencia mientras te respalda un equipo experimentado y solidario.<\/div>\n<div><\/div>\n<p>&nbsp;<\/p>\n<div class=\"elementToProof\">\ud83c\udfaf\u00a0<b>\u00bfA qui\u00e9n buscamos?<\/b><\/div>\n<ul>\n<li>Agentes con licencia en seguros de vida y salud<\/li>\n<li>Especialistas en Medicare<\/li>\n<li>Profesionales en planificaci\u00f3n para el retiro<\/li>\n<li>Due\u00f1os de agencias que quieren crecer<\/li>\n<li>Personas motivadas y listas para dejar su marca<\/li>\n<\/ul>\n<p style=\"font-weight: 400;\"><strong>Crezcamos Juntos. Unidos Logramos m\u00e1s.<\/strong><\/p>\n<p style=\"font-weight: 400;\">Ya sea que est\u00e9s comenzando o buscando llevar tu agencia al siguiente nivel, estamos aqu\u00ed para ayudarte a construir un negocio con prop\u00f3sito y rentabilidad.<\/p>\n<p>\ud83d\udcde <a href=\"https:\/\/form.jotform.com\/210386185697164\">Agenda una llamada<\/a><\/p>\n","protected":false},"excerpt":{"rendered":"<p>\u00a1Convi\u00e9rtete en parte de nuestro equipo!\u00a0 \u00danete a Nuestra Red de Asesores de Confianza. Impulsa tu Carrera. Expande tu Negocio. Deja Huella. En Loyalty Insurance Marketing Group estamos construyendo una red nacional de profesionales apasionados por ayudar\u2014y listos para crecer. Nos especializamos en seguros de vida, Medicare y planificaci\u00f3n para el retiro. Ya seas un [&hellip;]<\/p>\n","protected":false},"author":35,"featured_media":0,"parent":0,"menu_order":0,"comment_status":"closed","ping_status":"closed","template":"","meta":{"_acf_changed":false,"_seopress_robots_primary_cat":"","_seopress_titles_title":"","_seopress_titles_desc":"","_seopress_robots_index":"","_analytify_skip_tracking":false,"footnotes":""},"class_list":["post-1642","page","type-page","status-publish","hentry"],"acf":[],"_links":{"self":[{"href":"https:\/\/www.loyaltyins.com\/es\/wp-json\/wp\/v2\/pages\/1642","targetHints":{"allow":["GET"]}}],"collection":[{"href":"https:\/\/www.loyaltyins.com\/es\/wp-json\/wp\/v2\/pages"}],"about":[{"href":"https:\/\/www.loyaltyins.com\/es\/wp-json\/wp\/v2\/types\/page"}],"author":[{"embeddable":true,"href":"https:\/\/www.loyaltyins.com\/es\/wp-json\/wp\/v2\/users\/35"}],"replies":[{"embeddable":true,"href":"https:\/\/www.loyaltyins.com\/es\/wp-json\/wp\/v2\/comments?post=1642"}],"version-history":[{"count":0,"href":"https:\/\/www.loyaltyins.com\/es\/wp-json\/wp\/v2\/pages\/1642\/revisions"}],"wp:attachment":[{"href":"https:\/\/www.loyaltyins.com\/es\/wp-json\/wp\/v2\/media?parent=1642"}],"curies":[{"name":"wp","href":"https:\/\/api.w.org\/{rel}","templated":true}]}}